{"id":97,"date":"2024-06-14T09:16:58","date_gmt":"2024-06-14T09:16:58","guid":{"rendered":"https:\/\/www.veganogostoso.com\/receitas\/?page_id=97"},"modified":"2024-06-14T23:05:25","modified_gmt":"2024-06-14T23:05:25","slug":"transparencia","status":"publish","type":"page","link":"https:\/\/www.veganogostoso.com\/receitas\/transparencia\/","title":{"rendered":"Transpar\u00eancia"},"content":{"rendered":"<p>&nbsp;<\/p>\n<p>VeganoGostoso.com atua como uma plataforma de publica\u00e7\u00e3o digital dedicada \u00e0 nutri\u00e7\u00e3o vegana, receitas, dietas e curiosidades, e n\u00e3o oferece aconselhamento m\u00e9dico personalizado. Em caso de emerg\u00eancia m\u00e9dica, entre em contato imediatamente com os servi\u00e7os de emerg\u00eancia locais ou busque assist\u00eancia no pronto-socorro mais pr\u00f3ximo. Recomendamos consultar um nutricionista ou profissional de sa\u00fade antes de iniciar qualquer programa de alimenta\u00e7\u00e3o vegana, dieta, exerc\u00edcio ou tratamento relacionado ao bem-estar.<\/p>\n<p>As informa\u00e7\u00f5es apresentadas nesta plataforma, incluindo texto, gr\u00e1ficos, imagens e outros materiais encontrados no site, aplicativos, boletim informativo e produtos (&#8220;Conte\u00fado&#8221;), foram desenvolvidas em colabora\u00e7\u00e3o com nutricionistas , chefs veganos e outros colaboradores. O Conte\u00fado tem o objetivo de fornecer informa\u00e7\u00f5es gerais e inspira\u00e7\u00e3o para uma vida vegana saud\u00e1vel, mas n\u00e3o substitui o aconselhamento m\u00e9dico profissional, diagn\u00f3stico ou tratamento. Procure sempre orienta\u00e7\u00e3o de um nutricionista, m\u00e9dico ou outro profissional de sa\u00fade qualificado para quaisquer d\u00favidas relacionadas a condi\u00e7\u00f5es m\u00e9dicas, procedimentos, tratamentos, suplementos ou alternativas \u00e0 base de plantas.<\/p>\n<p>\u00c9 importante observar que o VeganoGostoso.com n\u00e3o faz garantias quanto \u00e0 efic\u00e1cia ou seguran\u00e7a de produtos ou tratamentos mencionados no Conte\u00fado. As informa\u00e7\u00f5es relacionadas \u00e0 nutri\u00e7\u00e3o e sa\u00fade est\u00e3o sujeitas a altera\u00e7\u00f5es e podem n\u00e3o cobrir todas as poss\u00edveis utiliza\u00e7\u00f5es, instru\u00e7\u00f5es, precau\u00e7\u00f5es, avisos, intera\u00e7\u00f5es medicamentosas, rea\u00e7\u00f5es al\u00e9rgicas ou efeitos adversos. N\u00e3o endossamos nenhum produto espec\u00edfico, profissional de sa\u00fade, servi\u00e7o ou outra informa\u00e7\u00e3o mencionada em nosso site que dependa de aprova\u00e7\u00e3o m\u00e9dica.<\/p>\n<p>Estes avisos legais s\u00e3o fornecidos para sua refer\u00eancia e s\u00e3o complementares e inclusivos dos Termos de Uso do VeganoGostoso.com.<\/p>\n<p>Atualizado em 20\/01\/2024<\/p>\n","protected":false},"excerpt":{"rendered":"<p>&nbsp; VeganoGostoso.com atua como uma plataforma de publica\u00e7\u00e3o digital dedicada \u00e0 nutri\u00e7\u00e3o vegana, receitas, dietas e curiosidades, e n\u00e3o oferece aconselhamento m\u00e9dico personalizado. Em caso de emerg\u00eancia m\u00e9dica, entre em contato imediatamente com os servi\u00e7os de emerg\u00eancia locais ou busque assist\u00eancia no pronto-socorro mais pr\u00f3ximo. Recomendamos consultar um nutricionista ou profissional de sa\u00fade antes de [&hellip;]<\/p>\n","protected":false},"author":8,"featured_media":0,"parent":0,"menu_order":0,"comment_status":"closed","ping_status":"closed","template":"","meta":{"footnotes":""},"class_list":["post-97","page","type-page","status-publish","hentry"],"_links":{"self":[{"href":"https:\/\/www.veganogostoso.com\/receitas\/wp-json\/wp\/v2\/pages\/97","targetHints":{"allow":["GET"]}}],"collection":[{"href":"https:\/\/www.veganogostoso.com\/receitas\/wp-json\/wp\/v2\/pages"}],"about":[{"href":"https:\/\/www.veganogostoso.com\/receitas\/wp-json\/wp\/v2\/types\/page"}],"author":[{"embeddable":true,"href":"https:\/\/www.veganogostoso.com\/receitas\/wp-json\/wp\/v2\/users\/8"}],"replies":[{"embeddable":true,"href":"https:\/\/www.veganogostoso.com\/receitas\/wp-json\/wp\/v2\/comments?post=97"}],"version-history":[{"count":3,"href":"https:\/\/www.veganogostoso.com\/receitas\/wp-json\/wp\/v2\/pages\/97\/revisions"}],"predecessor-version":[{"id":215,"href":"https:\/\/www.veganogostoso.com\/receitas\/wp-json\/wp\/v2\/pages\/97\/revisions\/215"}],"wp:attachment":[{"href":"https:\/\/www.veganogostoso.com\/receitas\/wp-json\/wp\/v2\/media?parent=97"}],"curies":[{"name":"wp","href":"https:\/\/api.w.org\/{rel}","templated":true}]}}